{"id":178,"date":"2016-02-29T12:57:44","date_gmt":"2016-02-29T11:57:44","guid":{"rendered":"http:\/\/beta.zapp-design.de\/?page_id=178"},"modified":"2017-04-04T10:50:27","modified_gmt":"2017-04-04T08:50:27","slug":"impressum","status":"publish","type":"page","link":"https:\/\/www.lynnmariezapp.de\/index.php\/impressum\/","title":{"rendered":"Impressum"},"content":{"rendered":"<div id=\"cc-matrix-3176511327\">\n<div id=\"cc-m-11384298327\">\n<div id=\"cc-m-8298651594\">\n<div>\n<p style=\"text-align: left;\"><strong><em>Inhaltlich verantwortlich gem\u00e4\u00df \u00a7 5 TMG:<\/em><\/strong><\/p>\n<p style=\"text-align: left;\">Lynn Marie Zapp<\/p>\n<p style=\"text-align: left;\">0211 &#8211; 163 426 72<br \/>\nHermannstra\u00dfe 8<br \/>\n40233 D\u00fcsseldorf<\/p>\n<p style=\"text-align: left;\">l.zapp(at)zapp-design.de<br \/>\nwww.zapp-design.de<\/p>\n<p style=\"text-align: left;\">UST.-IdNr.: DE254481432<\/p>\n<p><strong><em>Haftung f\u00fcr Links<\/em><\/strong><\/p>\n<p style=\"text-align: left;\">F\u00fcr die Inhalte der verlinkter Seiten ist stets der jeweilige Anbieter oder Betreiber der Seiten verantwortlich. Die verlinkten Seiten wurden zum Zeitpunkt der Verlinkung auf m\u00f6gliche Rechtsverst\u00f6\u00dfe \u00fcberpr\u00fcft. Rechtswidrige Inhalte waren zum Zeitpunkt der Verlinkung nicht erkennbar. Eine permanente inhaltliche Kontrolle der verlinkten Seiten ist jedoch ohne konkrete Anhaltspunkte einer Rechtsverletzung nicht zumutbar. Bei bekannt werden von Rechtsverletzungen werden wir derartige Links umgehend entfernen.<\/p>\n<p style=\"text-align: left;\"><strong><em>Urheberrecht<\/em><\/strong><\/p>\n<p style=\"text-align: left;\">Die durch die Seitenbetreiber erstellten Inhalte und Werke auf diesen Seiten unterliegen dem deutschen Urheberrecht. Beitr\u00e4ge Dritter sind als solche gekennzeichnet. Die Vervielf\u00e4ltigung, Bearbeitung, Verbreitung und jede Art der Verwertung au\u00dferhalb der Grenzen des Urheberrechtes bed\u00fcrfen der schriftlichen Zustimmung des jeweiligen Autors bzw. Erstellers. Downloads und Kopien dieser Seite sind nur f\u00fcr den privaten, nicht kommerziellen Gebrauch gestattet.<\/p>\n<\/div>\n<\/div>\n<\/div>\n<\/div>\n","protected":false},"excerpt":{"rendered":"<p>Inhaltlich verantwortlich gem\u00e4\u00df \u00a7 5 TMG: Lynn Marie Zapp 0211 &#8211; 163 426 72 Hermannstra\u00dfe 8 40233 D\u00fcsseldorf l.zapp(at)zapp-design.de www.zapp-design.de UST.-IdNr.: DE254481432 Haftung f\u00fcr Links F\u00fcr die Inhalte der verlinkter Seiten ist stets der jeweilige Anbieter oder Betreiber der Seiten&#8230;<\/p>\n","protected":false},"author":1,"featured_media":0,"parent":0,"menu_order":0,"comment_status":"closed","ping_status":"closed","template":"","meta":[],"_links":{"self":[{"href":"https:\/\/www.lynnmariezapp.de\/index.php\/wp-json\/wp\/v2\/pages\/178"}],"collection":[{"href":"https:\/\/www.lynnmariezapp.de\/index.php\/wp-json\/wp\/v2\/pages"}],"about":[{"href":"https:\/\/www.lynnmariezapp.de\/index.php\/wp-json\/wp\/v2\/types\/page"}],"author":[{"embeddable":true,"href":"https:\/\/www.lynnmariezapp.de\/index.php\/wp-json\/wp\/v2\/users\/1"}],"replies":[{"embeddable":true,"href":"https:\/\/www.lynnmariezapp.de\/index.php\/wp-json\/wp\/v2\/comments?post=178"}],"version-history":[{"count":4,"href":"https:\/\/www.lynnmariezapp.de\/index.php\/wp-json\/wp\/v2\/pages\/178\/revisions"}],"predecessor-version":[{"id":616,"href":"https:\/\/www.lynnmariezapp.de\/index.php\/wp-json\/wp\/v2\/pages\/178\/revisions\/616"}],"wp:attachment":[{"href":"https:\/\/www.lynnmariezapp.de\/index.php\/wp-json\/wp\/v2\/media?parent=178"}],"curies":[{"name":"wp","href":"https:\/\/api.w.org\/{rel}","templated":true}]}}